 {"id":3,"date":"2025-01-29T16:07:57","date_gmt":"2025-01-29T16:07:57","guid":{"rendered":"https:\/\/silk-screen.nl\/?page_id=3"},"modified":"2025-10-03T15:16:18","modified_gmt":"2025-10-03T13:16:18","slug":"privacy-policy","status":"publish","type":"page","link":"https:\/\/silk-screen.nl\/de\/privacy-policy\/","title":{"rendered":"Datenschutzbestimmungen"},"content":{"rendered":"<div data-elementor-type=\"wp-page\" data-elementor-id=\"3\" class=\"elementor elementor-3\" data-elementor-post-type=\"page\">\n\t\t\t\t<div class=\"elementor-element elementor-element-1811cc66 section-s section-narrow e-flex e-con-boxed e-con e-parent\" data-id=\"1811cc66\" data-element_type=\"container\" data-e-type=\"container\">\n\t\t\t\t\t<div class=\"e-con-inner\">\n\t\t\t\t<div class=\"elementor-element elementor-element-269b6822 elementor-widget elementor-widget-text-editor\" data-id=\"269b6822\" data-element_type=\"widget\" data-e-type=\"widget\" data-widget_type=\"text-editor.default\">\n\t\t\t\t<div class=\"elementor-widget-container\">\n\t\t\t\t\t\t\t\t\t\n<h3 class=\"wp-block-heading\" data-start=\"279\" data-end=\"317\">Datenschutzerkl\u00e4rung Silkscreen Holland<\/h3>\n<p data-start=\"319\" data-end=\"542\">Wir von Silkscreen Holland verpflichten uns, Ihre pers\u00f6nlichen Daten zu sch\u00fctzen. In dieser Datenschutzerkl\u00e4rung erl\u00e4utern wir, welche Daten wir sammeln, warum wir dies tun und wie wir mit Ihren Daten umgehen.<\/p>\n<h6 data-start=\"549\" data-end=\"579\">1. Wer ist verantwortlich?<\/h6>\n<p data-start=\"580\" data-end=\"719\">Silkscreen Holland ist f\u00fcr die Verarbeitung Ihrer pers\u00f6nlichen Daten verantwortlich. Die Kontaktdaten finden Sie am Ende dieser Erkl\u00e4rung.<\/p>\n<h6 data-start=\"726\" data-end=\"762\">2. Welche Daten sammeln wir?<\/h6>\n<p data-start=\"763\" data-end=\"849\">Wenn Sie unsere Website nutzen, k\u00f6nnen wir die folgenden Daten verarbeiten:<\/p>\n<ul data-start=\"851\" data-end=\"1157\">\n<li data-start=\"851\" data-end=\"939\">\n<p data-start=\"853\" data-end=\"939\"><strong data-start=\"853\" data-end=\"873\">Kontakt-Formular<\/strong>Name, E-Mail-Adresse, Telefonnummer und der Inhalt Ihrer Nachricht.<\/p>\n<\/li>\n<li data-start=\"940\" data-end=\"1092\">\n<p data-start=\"942\" data-end=\"1092\"><strong data-start=\"942\" data-end=\"962\">Formular zitieren<\/strong>: Daten, die Sie selbst eingeben, wie Name, E-Mail-Adresse, Telefonnummer, Firmenname (optional) und die von Ihnen gew\u00e4hlten Drucktechniken.<\/p>\n<\/li>\n<li data-start=\"1093\" data-end=\"1157\">\n<p data-start=\"1095\" data-end=\"1157\"><strong data-start=\"1095\" data-end=\"1106\">Cookies<\/strong>: Vorlieben, wie z. B. Ihre ausgew\u00e4hlten Favoriten.<\/p>\n<\/li>\n<\/ul>\n<p data-start=\"1159\" data-end=\"1234\">Wir fragen nur die Daten ab, die zur Bearbeitung Ihrer Anfrage erforderlich sind.<\/p>\n<h6 data-start=\"1241\" data-end=\"1284\">3. Wof\u00fcr verwenden wir Ihre Daten?<\/h6>\n<p data-start=\"1285\" data-end=\"1355\">Wir verwenden Ihre Daten nur f\u00fcr die folgenden Zwecke:<\/p>\n<ul data-start=\"1357\" data-end=\"1587\">\n<li data-start=\"1357\" data-end=\"1414\">\n<p data-start=\"1359\" data-end=\"1414\">Beantwortung von Fragen \u00fcber das Kontaktformular.<\/p>\n<\/li>\n<li data-start=\"1415\" data-end=\"1459\">\n<p data-start=\"1417\" data-end=\"1459\">Ausarbeitung und Versand von Angeboten.<\/p>\n<\/li>\n<li data-start=\"1460\" data-end=\"1531\">\n<p data-start=\"1462\" data-end=\"1531\">Erm\u00f6glichung der Speicherung von Favoriten durch Cookies.<\/p>\n<\/li>\n<li data-start=\"1532\" data-end=\"1587\">\n<p data-start=\"1534\" data-end=\"1587\">Verbesserung unserer Website und Dienstleistungen.<\/p>\n<\/li>\n<\/ul>\n<p data-start=\"1589\" data-end=\"1715\">Wir werden Ihre Daten nicht f\u00fcr andere Zwecke verwenden oder an Dritte weitergeben, es sei denn, dies ist gesetzlich vorgeschrieben.<\/p>\n<h6 data-start=\"1722\" data-end=\"1735\">4. Cookies<\/h6>\n<p data-start=\"1736\" data-end=\"1841\">Unsere Website verwendet Cookies, um Ihre Pr\u00e4ferenzen (z. B. ausgew\u00e4hlte Favoriten) zu speichern.<\/p>\n<ul data-start=\"1842\" data-end=\"1962\">\n<li data-start=\"1842\" data-end=\"1871\">\n<p data-start=\"1844\" data-end=\"1871\">Dies geschieht ohne Anmeldung.<\/p>\n<\/li>\n<li data-start=\"1872\" data-end=\"1962\">\n<p data-start=\"1874\" data-end=\"1962\">Sie k\u00f6nnen Cookies jederzeit \u00fcber Ihre Browsereinstellungen l\u00f6schen oder deaktivieren.<\/p>\n<\/li>\n<\/ul>\n<h6 data-start=\"1969\" data-end=\"1988\">5. Aufbewahrungsfrist<\/h6>\n<p data-start=\"1989\" data-end=\"2091\">Wir werden Ihre personenbezogenen Daten nicht l\u00e4nger aufbewahren, als es f\u00fcr den Zweck, f\u00fcr den sie erhoben wurden, erforderlich ist.<\/p>\n<ul data-start=\"2092\" data-end=\"2306\">\n<li data-start=\"2092\" data-end=\"2219\">\n<p data-start=\"2094\" data-end=\"2219\">Die Daten aus dem Kontakt- und Angebotsformular werden so lange gespeichert, wie es f\u00fcr die Bearbeitung Ihrer Anfrage oder Ihres Angebots erforderlich ist.<\/p>\n<\/li>\n<li data-start=\"2220\" data-end=\"2306\">\n<p data-start=\"2222\" data-end=\"2306\">Cookies werden so lange aufbewahrt, wie es technisch notwendig ist oder bis Sie sie selbst l\u00f6schen.<\/p>\n<\/li>\n<\/ul>\n<h6 data-start=\"2313\" data-end=\"2331\">6. Deine Rechte<\/h6>\n<p data-start=\"2332\" data-end=\"2355\">Sie haben das Recht dazu:<\/p>\n<ul data-start=\"2356\" data-end=\"2610\">\n<li data-start=\"2356\" data-end=\"2419\">\n<p data-start=\"2358\" data-end=\"2419\">Zugang zu den Daten, die wir \u00fcber Sie verarbeiten.<\/p>\n<\/li>\n<li data-start=\"2420\" data-end=\"2451\">\n<p data-start=\"2422\" data-end=\"2451\">Fehler werden korrigiert.<\/p>\n<\/li>\n<li data-start=\"2452\" data-end=\"2554\">\n<p data-start=\"2454\" data-end=\"2554\">Ihre Daten l\u00f6schen zu lassen, es sei denn, wir ben\u00f6tigen sie noch f\u00fcr eine gesetzliche Verpflichtung.<\/p>\n<\/li>\n<li data-start=\"2555\" data-end=\"2610\">\n<p data-start=\"2557\" data-end=\"2610\">Widerspruch gegen die Verwendung Ihrer Daten einlegen.<\/p>\n<\/li>\n<\/ul>\n<p data-start=\"2612\" data-end=\"2686\">Dazu k\u00f6nnen Sie uns \u00fcber die Kontaktdaten am Ende der Seite kontaktieren.<\/p>\n<h6 data-start=\"2693\" data-end=\"2710\">7. Sicherheit<\/h6>\n<p data-start=\"2711\" data-end=\"2852\">Wir treffen geeignete technische und organisatorische Ma\u00dfnahmen, um Ihre Daten vor Verlust, Missbrauch und unberechtigtem Zugriff zu sch\u00fctzen.<\/p>\n<h6 data-start=\"2859\" data-end=\"2876\">8. \u00c4nderungen<\/h6>\n<p data-start=\"2877\" data-end=\"2995\">Wir k\u00f6nnen diese Erkl\u00e4rung zum Datenschutz von Zeit zu Zeit aktualisieren. Die aktuellste Version ist immer auf unserer Website zu finden.<\/p>\n<h6 data-start=\"3002\" data-end=\"3015\">9. Kontakt<\/h6>\n<p data-start=\"3016\" data-end=\"3192\">Haben Sie Fragen zu dieser Datenschutzerkl\u00e4rung oder zu unserem Umgang mit Ihren Daten? Dann kontaktieren Sie uns bitte \u00fcber die unten auf der Website angegebenen Kontaktdaten.<\/p>\t\t\t\t\t\t\t\t<\/div>\n\t\t\t\t<\/div>\n\t\t\t\t\t<\/div>\n\t\t\t\t<\/div>\n\t\t\t\t<\/div>","protected":false},"excerpt":{"rendered":"<p>Privacyverklaring Silkscreen Holland Bij Silkscreen Holland hechten wij veel waarde aan de bescherming van jouw persoonsgegevens. In deze privacyverklaring leggen wij uit welke gegevens wij verzamelen, waarom wij dat doen en hoe wij met jouw gegevens omgaan. 1. Wie is verantwoordelijk? Silkscreen Holland is verantwoordelijk voor de verwerking van jouw persoonsgegevens. De contactgegevens vind je [&hellip;]<\/p>\n","protected":false},"author":2,"featured_media":0,"parent":0,"menu_order":0,"comment_status":"closed","ping_status":"open","template":"","meta":{"footnotes":""},"type-pagina":[],"class_list":["post-3","page","type-page","status-publish","hentry"],"_links":{"self":[{"href":"https:\/\/silk-screen.nl\/de\/wp-json\/wp\/v2\/pages\/3","targetHints":{"allow":["GET"]}}],"collection":[{"href":"https:\/\/silk-screen.nl\/de\/wp-json\/wp\/v2\/pages"}],"about":[{"href":"https:\/\/silk-screen.nl\/de\/wp-json\/wp\/v2\/types\/page"}],"author":[{"embeddable":true,"href":"https:\/\/silk-screen.nl\/de\/wp-json\/wp\/v2\/users\/2"}],"replies":[{"embeddable":true,"href":"https:\/\/silk-screen.nl\/de\/wp-json\/wp\/v2\/comments?post=3"}],"version-history":[{"count":0,"href":"https:\/\/silk-screen.nl\/de\/wp-json\/wp\/v2\/pages\/3\/revisions"}],"wp:attachment":[{"href":"https:\/\/silk-screen.nl\/de\/wp-json\/wp\/v2\/media?parent=3"}],"wp:term":[{"taxonomy":"type-pagina","embeddable":true,"href":"https:\/\/silk-screen.nl\/de\/wp-json\/wp\/v2\/type-pagina?post=3"}],"curies":[{"name":"Welt","href":"https:\/\/api.w.org\/{rel}","templated":true}]}}