 {"id":2333,"date":"2025-10-03T15:32:45","date_gmt":"2025-10-03T13:32:45","guid":{"rendered":"https:\/\/silk-screen.nl\/?page_id=2333"},"modified":"2025-10-03T15:34:10","modified_gmt":"2025-10-03T13:34:10","slug":"aanleveren","status":"publish","type":"page","link":"https:\/\/silk-screen.nl\/de\/aanleveren\/","title":{"rendered":"Einreichen"},"content":{"rendered":"<div data-elementor-type=\"wp-page\" data-elementor-id=\"2333\" class=\"elementor elementor-2333\" data-elementor-post-type=\"page\">\n\t\t\t\t<div class=\"elementor-element elementor-element-1811cc66 section-s section-narrow e-flex e-con-boxed e-con e-parent\" data-id=\"1811cc66\" data-element_type=\"container\" data-e-type=\"container\">\n\t\t\t\t\t<div class=\"e-con-inner\">\n\t\t\t\t<div class=\"elementor-element elementor-element-20c9861 elementor-widget elementor-widget-heading\" data-id=\"20c9861\" data-element_type=\"widget\" data-e-type=\"widget\" data-widget_type=\"heading.default\">\n\t\t\t\t<div class=\"elementor-widget-container\">\n\t\t\t\t\t<h2 class=\"elementor-heading-title elementor-size-default\">Spezifikationen f\u00fcr die Lieferung<\/h2>\t\t\t\t<\/div>\n\t\t\t\t<\/div>\n\t\t\t\t<div class=\"elementor-element elementor-element-269b6822 elementor-widget elementor-widget-text-editor\" data-id=\"269b6822\" data-element_type=\"widget\" data-e-type=\"widget\" data-widget_type=\"text-editor.default\">\n\t\t\t\t<div class=\"elementor-widget-container\">\n\t\t\t\t\t\t\t\t\t<p><\/p>\n<p data-start=\"1422\" data-end=\"1661\"><strong data-start=\"1422\" data-end=\"1437\">Siebdruck<\/strong> strebt einen optimalen und effektiven Service an. Dies funktioniert am besten, wenn Sie Ihre Dateien gem\u00e4\u00df den unten stehenden Leitlinien einreichen. Haben Sie Fragen? Wenden Sie sich bitte an unsere DTP-Abteilung unter <strong data-start=\"1638\" data-end=\"1660\"><a class=\"decorated-link cursor-pointer\" rel=\"noopener\" data-start=\"1640\" data-end=\"1658\">dtp@silk-screen.nl<\/a><\/strong>.<\/p>\n<p data-start=\"1663\" data-end=\"1674\"><strong>Allgemein<\/strong><\/p>\n<ul data-start=\"1675\" data-end=\"2525\">\n<li data-start=\"1675\" data-end=\"1752\">\n<p data-start=\"1677\" data-end=\"1752\"><strong data-start=\"1677\" data-end=\"1698\">Bevorzugtes Format:<\/strong> <strong data-start=\"1699\" data-end=\"1710\">PDF\/X-4<\/strong> (mit eingebetteten Schriftarten und Bildern).<\/p>\n<\/li>\n<li data-start=\"1753\" data-end=\"1853\">\n<p data-start=\"1755\" data-end=\"1853\"><strong data-start=\"1755\" data-end=\"1772\">Oberfl\u00e4che\/Blattierung:<\/strong> Minimum <strong data-start=\"1782\" data-end=\"1790\">3 Millimeter<\/strong> rundherum; halten <strong data-start=\"1804\" data-end=\"1814\">3-5 mm<\/strong> Sicherheitsspielraum innerhalb der Schneidkante.<\/p>\n<\/li>\n<li data-start=\"1854\" data-end=\"2123\">\n<p data-start=\"1856\" data-end=\"1873\"><strong data-start=\"1856\" data-end=\"1871\">Farbmodus:<\/strong><\/p>\n<ul data-start=\"1876\" data-end=\"2123\">\n<li data-start=\"1876\" data-end=\"1982\">\n<p data-start=\"1878\" data-end=\"1982\"><strong data-start=\"1878\" data-end=\"1894\">Schmuckfarben:<\/strong> verwenden. <strong data-start=\"1903\" data-end=\"1936\">PANTONE Solid Gestrichen\/Ungestrichen<\/strong> und nennen Sie es <strong data-start=\"1951\" data-end=\"1965\">PMS-Nummer<\/strong> in Ihrer Datei.<\/p>\n<\/li>\n<li data-start=\"1985\" data-end=\"2123\">\n<p data-start=\"1987\" data-end=\"2123\"><strong data-start=\"1987\" data-end=\"2009\">Vollfarbig (CMYK):<\/strong> liefern mit einer entsprechenden <strong data-start=\"2036\" data-end=\"2051\">ICC-Profil<\/strong> (z.B.. <strong data-start=\"2059\" data-end=\"2086\">PSO Beschichtet v3 (FOGRA51)<\/strong> oder <strong data-start=\"2090\" data-end=\"2119\">PSO Ungestrichen v3 (FOGRA52)<\/strong>).<\/p>\n<\/li>\n<\/ul>\n<\/li>\n<li data-start=\"2124\" data-end=\"2260\">\n<p data-start=\"2126\" data-end=\"2260\"><strong data-start=\"2126\" data-end=\"2136\">Schwarz:<\/strong> kleiner Text\/Haarlinien in <strong data-start=\"2164\" data-end=\"2174\">100% K<\/strong> Met <strong data-start=\"2179\" data-end=\"2191\">\u00dcberdrucken<\/strong>; gro\u00dfe flache Schwarze wie <strong data-start=\"2218\" data-end=\"2232\">kr\u00e4ftiges Schwarz<\/strong> (z. B. C60 M40 Y40 K100).<\/p>\n<\/li>\n<li data-start=\"2261\" data-end=\"2372\">\n<p data-start=\"2263\" data-end=\"2372\"><strong data-start=\"2263\" data-end=\"2291\">Transparenz\/\u00dcberdrucken:<\/strong> erlaubt; <strong data-start=\"2304\" data-end=\"2315\">PDF\/X-4<\/strong> Bewahrt Transparenzen. Setzen Sie \u00dcberdrucken nur absichtlich ein.<\/p>\n<\/li>\n<li data-start=\"2373\" data-end=\"2525\">\n<p data-start=\"2375\" data-end=\"2525\"><strong data-start=\"2375\" data-end=\"2393\">Kontrolltest:<\/strong> einf\u00fcgen <strong data-start=\"2403\" data-end=\"2426\">screenproof\/preview<\/strong> oder Referenzdruck mit; bei kritischen Farben senden Sie bitte einen <strong data-start=\"2484\" data-end=\"2498\">Farbmuster<\/strong> oder <strong data-start=\"2502\" data-end=\"2524\">PANTONE-Referenz<\/strong>.<\/p>\n<\/li>\n<\/ul>\n<p data-start=\"2527\" data-end=\"2561\"><strong>Dateiformate nach Anwendung<\/strong><\/p>\n<ul data-start=\"2562\" data-end=\"3408\">\n<li data-start=\"2562\" data-end=\"2816\">\n<p data-start=\"2564\" data-end=\"2616\"><strong data-start=\"2564\" data-end=\"2614\">Adobe Illustrator \/ Vektor (AI, PDF, SVG, EPS)<\/strong><\/p>\n<ul data-start=\"2619\" data-end=\"2816\">\n<li data-start=\"2619\" data-end=\"2693\">\n<p data-start=\"2621\" data-end=\"2693\"><strong data-start=\"2621\" data-end=\"2634\">Bevorzugt:<\/strong> <strong data-start=\"2635\" data-end=\"2646\">PDF\/X-4<\/strong> oder <strong data-start=\"2650\" data-end=\"2656\">AI<\/strong> mit verlinkten\/eingebetteten Bildern.<\/p>\n<\/li>\n<li data-start=\"2696\" data-end=\"2816\">\n<p data-start=\"2698\" data-end=\"2816\"><strong data-start=\"2698\" data-end=\"2721\">Schriftarten nicht konvertieren<\/strong> in Umrisse umwandeln, wenn Sie PDF mit eingebetteten Schriftarten bereitstellen. Nur umrei\u00dfen, wenn die Einbettung nicht m\u00f6glich ist.<\/p>\n<\/li>\n<\/ul>\n<\/li>\n<li data-start=\"2817\" data-end=\"3011\">\n<p data-start=\"2819\" data-end=\"2851\"><strong data-start=\"2819\" data-end=\"2849\">Adobe InDesign (INDD\/IDML)<\/strong><\/p>\n<ul data-start=\"2854\" data-end=\"3011\">\n<li data-start=\"2854\" data-end=\"2945\">\n<p data-start=\"2856\" data-end=\"2945\">Verwenden Sie <strong data-start=\"2864\" data-end=\"2896\">Datei &gt; Sammeln\/Verpacken<\/strong> damit Schriftarten und verlinkte Bilder erhalten bleiben.<\/p>\n<\/li>\n<li data-start=\"2948\" data-end=\"3011\">\n<p data-start=\"2950\" data-end=\"3011\">Vorzugsweise exportieren <strong data-start=\"2973\" data-end=\"2984\">PDF\/X-4<\/strong> Mit Beschnitt und Schnittmarken.<\/p>\n<\/li>\n<\/ul>\n<\/li>\n<li data-start=\"3012\" data-end=\"3408\">\n<p data-start=\"3014\" data-end=\"3062\"><strong data-start=\"3014\" data-end=\"3060\">Adobe Photoshop \/ Raster (PSD, TIFF, JPEG)<\/strong><\/p>\n<ul data-start=\"3065\" data-end=\"3408\">\n<li data-start=\"3065\" data-end=\"3164\">\n<p data-start=\"3067\" data-end=\"3164\"><strong data-start=\"3067\" data-end=\"3077\">Farbe:<\/strong> CMYK oder RGB je nach Prozess (wir konvertieren nach Profilfluss auf Anfrage).<\/p>\n<\/li>\n<li data-start=\"3167\" data-end=\"3327\">\n<p data-start=\"3169\" data-end=\"3200\"><strong data-start=\"3169\" data-end=\"3198\">Beschluss \u00fcber das endg\u00fcltige Format:<\/strong><\/p>\n<ul data-start=\"3205\" data-end=\"3327\">\n<li data-start=\"3205\" data-end=\"3255\">\n<p data-start=\"3207\" data-end=\"3255\"><strong data-start=\"3207\" data-end=\"3240\">Offset\/Bildschirm\/Kleinformat:<\/strong> <strong data-start=\"3241\" data-end=\"3252\">300 dpi<\/strong>.<\/p>\n<\/li>\n<li data-start=\"3260\" data-end=\"3327\">\n<p data-start=\"3262\" data-end=\"3327\"><strong data-start=\"3262\" data-end=\"3285\">Gro\u00dfformatiger Druck:<\/strong> <strong data-start=\"3286\" data-end=\"3301\">100-150 dpi<\/strong> ist in der Regel ausreichend.<\/p>\n<\/li>\n<\/ul>\n<\/li>\n<li data-start=\"3330\" data-end=\"3408\">\n<p data-start=\"3332\" data-end=\"3408\"><strong data-start=\"3332\" data-end=\"3346\">Dateien:<\/strong> <strong data-start=\"3347\" data-end=\"3355\">TIFF<\/strong> oder <strong data-start=\"3359\" data-end=\"3384\">JPEG (hohe Qualit\u00e4t)<\/strong>; <strong data-start=\"3386\" data-end=\"3397\">GIF\/BMP<\/strong> vermeiden.<\/p>\n<\/li>\n<\/ul>\n<\/li>\n<\/ul>\n<p data-start=\"3410\" data-end=\"3440\"><strong>Linien, Text und \u00dcberf\u00fcllungen<\/strong><\/p>\n<ul data-start=\"3441\" data-end=\"3807\">\n<li data-start=\"3441\" data-end=\"3526\">\n<p data-start=\"3443\" data-end=\"3526\"><strong data-start=\"3443\" data-end=\"3466\">Minimale Linienst\u00e4rke:<\/strong> <strong data-start=\"3467\" data-end=\"3477\">0,2 mm<\/strong> (\u2248 0,57 pt). Vermeiden Sie extrem feine Serifen.<\/p>\n<\/li>\n<li data-start=\"3527\" data-end=\"3631\">\n<p data-start=\"3529\" data-end=\"3631\"><strong data-start=\"3529\" data-end=\"3546\">Textgr\u00f6\u00dfe:<\/strong> in umgekehrter Schrift (hell auf dunkel) statt <strong data-start=\"3593\" data-end=\"3603\">\u2265 7 pt<\/strong> in einer stabilen Schriftart.<\/p>\n<\/li>\n<li data-start=\"3632\" data-end=\"3740\">\n<p data-start=\"3634\" data-end=\"3740\"><strong data-start=\"3634\" data-end=\"3656\">Treppe\/Abschluss:<\/strong> durch unseren Arbeitsablauf\/RIP. <strong data-start=\"3681\" data-end=\"3704\">Bewerben Sie sich nicht selbst<\/strong>, es sei denn, wir fragen ausdr\u00fccklich danach.<\/p>\n<\/li>\n<li data-start=\"3741\" data-end=\"3807\">\n<p data-start=\"3743\" data-end=\"3807\"><strong data-start=\"3743\" data-end=\"3768\">Registrierung-schwarz\/Alle<\/strong> Niemals f\u00fcr Text oder Oberfl\u00e4chen verwenden.<\/p>\n<\/li>\n<\/ul>\n<p data-start=\"3809\" data-end=\"3835\"><strong>Farbreferenz &amp; Proof<\/strong><\/p>\n<ul data-start=\"3836\" data-end=\"4030\">\n<li data-start=\"3836\" data-end=\"3915\">\n<p data-start=\"3838\" data-end=\"3915\">Unter <strong data-start=\"3842\" data-end=\"3856\">Vollfarbig<\/strong> wie ein <strong data-start=\"3867\" data-end=\"3901\">Farbproof oder Referenz-PDF<\/strong> Versorgung.<\/p>\n<\/li>\n<li data-start=\"3916\" data-end=\"4030\">\n<p data-start=\"3918\" data-end=\"4030\">Unter <strong data-start=\"3922\" data-end=\"3938\">PANTONE\/Fleck<\/strong> immer die <strong data-start=\"3950\" data-end=\"3971\">genaue PMS-Nummer<\/strong> Name und, falls vorhanden, eine physische <strong data-start=\"4015\" data-end=\"4029\">Farbmuster<\/strong>.<\/p>\n<\/li>\n<\/ul>\n<p data-start=\"4032\" data-end=\"4045\"><strong>Einreichen<\/strong><\/p>\n<ul data-start=\"4046\" data-end=\"4341\">\n<li data-start=\"4046\" data-end=\"4102\">\n<p data-start=\"4048\" data-end=\"4102\">Kleine Dateien per E-Mail an <strong data-start=\"4077\" data-end=\"4099\"><a class=\"decorated-link cursor-pointer\" rel=\"noopener\" data-start=\"4079\" data-end=\"4097\">dtp@silk-screen.nl<\/a><\/strong>.<\/p>\n<\/li>\n<li data-start=\"4103\" data-end=\"4198\">\n<p data-start=\"4105\" data-end=\"4198\">Gr\u00f6\u00dfere Dateien: Upload \u00fcber <strong data-start=\"4135\" data-end=\"4149\">WeTransfer<\/strong> (oder teilen Sie einen Download-Link aus Ihrer eigenen Cloud).<\/p>\n<\/li>\n<li data-start=\"4199\" data-end=\"4341\">\n<p data-start=\"4201\" data-end=\"4341\">Immer erw\u00e4hnen <strong data-start=\"4216\" data-end=\"4232\">Befehlsname<\/strong>, <strong data-start=\"4234\" data-end=\"4252\">Kontakt<\/strong>, <strong data-start=\"4254\" data-end=\"4272\">Rufnummer<\/strong>, gew\u00fcnscht <strong data-start=\"4283\" data-end=\"4297\">Liefertermin<\/strong> und (falls zutreffend) <strong data-start=\"4325\" data-end=\"4340\">PMS-Nummern<\/strong>.<\/p>\n<\/li>\n<\/ul>\t\t\t\t\t\t\t\t<\/div>\n\t\t\t\t<\/div>\n\t\t\t\t\t<\/div>\n\t\t\t\t<\/div>\n\t\t\t\t<\/div>","protected":false},"excerpt":{"rendered":"<p>Aanleverspecificaties Silk Screen streeft naar optimale en effectieve dienstverlening. Dat lukt het beste als je je bestanden volgens onderstaande richtlijnen aanlevert. Heb je vragen? Neem gerust contact op met onze DTP-afdeling via dtp@silk-screen.nl. Algemeen Voorkeursformaat: PDF\/X-4 (met ingesloten fonts en afbeeldingen). Afloop\/bleed: minimaal 3 mm rondom; houd 3\u20135 mm veiligheidsmarge binnen de snijrand. Kleurmodus: Spotkleuren: [&hellip;]<\/p>\n","protected":false},"author":2,"featured_media":0,"parent":0,"menu_order":0,"comment_status":"closed","ping_status":"open","template":"","meta":{"footnotes":""},"type-pagina":[],"class_list":["post-2333","page","type-page","status-publish","hentry"],"_links":{"self":[{"href":"https:\/\/silk-screen.nl\/de\/wp-json\/wp\/v2\/pages\/2333","targetHints":{"allow":["GET"]}}],"collection":[{"href":"https:\/\/silk-screen.nl\/de\/wp-json\/wp\/v2\/pages"}],"about":[{"href":"https:\/\/silk-screen.nl\/de\/wp-json\/wp\/v2\/types\/page"}],"author":[{"embeddable":true,"href":"https:\/\/silk-screen.nl\/de\/wp-json\/wp\/v2\/users\/2"}],"replies":[{"embeddable":true,"href":"https:\/\/silk-screen.nl\/de\/wp-json\/wp\/v2\/comments?post=2333"}],"version-history":[{"count":0,"href":"https:\/\/silk-screen.nl\/de\/wp-json\/wp\/v2\/pages\/2333\/revisions"}],"wp:attachment":[{"href":"https:\/\/silk-screen.nl\/de\/wp-json\/wp\/v2\/media?parent=2333"}],"wp:term":[{"taxonomy":"type-pagina","embeddable":true,"href":"https:\/\/silk-screen.nl\/de\/wp-json\/wp\/v2\/type-pagina?post=2333"}],"curies":[{"name":"Welt","href":"https:\/\/api.w.org\/{rel}","templated":true}]}}