 {"id":1793,"date":"2025-10-01T09:05:15","date_gmt":"2025-10-01T07:05:15","guid":{"rendered":"https:\/\/silk-screen.nl\/?page_id=1793"},"modified":"2026-01-05T11:58:30","modified_gmt":"2026-01-05T10:58:30","slug":"wensenlijst","status":"publish","type":"page","link":"https:\/\/silk-screen.nl\/de\/wensenlijst\/","title":{"rendered":"Wunschliste"},"content":{"rendered":"<div data-elementor-type=\"wp-page\" data-elementor-id=\"1793\" class=\"elementor elementor-1793\" data-elementor-post-type=\"page\">\n\t\t\t\t<div class=\"elementor-element elementor-element-51d2191 section-xs e-flex e-con-boxed e-con e-parent\" data-id=\"51d2191\" data-element_type=\"container\" data-e-type=\"container\">\n\t\t\t\t\t<div class=\"e-con-inner\">\n\t\t<div class=\"elementor-element elementor-element-f662fd3 e-con-full e-flex e-con e-child\" data-id=\"f662fd3\" data-element_type=\"container\" data-e-type=\"container\">\n\t\t\t\t<div class=\"elementor-element elementor-element-bb77843 elementor-widget elementor-widget-heading\" data-id=\"bb77843\" data-element_type=\"widget\" data-e-type=\"widget\" data-widget_type=\"heading.default\">\n\t\t\t\t<div class=\"elementor-widget-container\">\n\t\t\t\t\t<h2 class=\"elementor-heading-title elementor-size-default\">Ihre Lieblingsprodukte<\/h2>\t\t\t\t<\/div>\n\t\t\t\t<\/div>\n\t\t\t\t<div class=\"elementor-element elementor-element-bb83b7e elementor-widget elementor-widget-text-editor\" data-id=\"bb83b7e\" data-element_type=\"widget\" data-e-type=\"widget\" data-widget_type=\"text-editor.default\">\n\t\t\t\t<div class=\"elementor-widget-container\">\n\t\t\t\t\t\t\t\t\t<p>Du hast einige Lacke, Tinten, Folien und Produkte hinzugef\u00fcgt. Super! F\u00fcr diese k\u00f6nnen Sie ein Angebot oder weitere Informationen anfordern. Pr\u00fcfen Sie unten, welche Artikel Sie hinzugef\u00fcgt haben, und passen Sie Ihre Liste gegebenenfalls an.<\/p>\t\t\t\t\t\t\t\t<\/div>\n\t\t\t\t<\/div>\n\t\t\t\t<\/div>\n\t\t\t\t\t<\/div>\n\t\t\t\t<\/div>\n\t\t<div class=\"elementor-element elementor-element-195bd25 e-flex e-con-boxed e-con e-parent\" data-id=\"195bd25\" data-element_type=\"container\" data-e-type=\"container\">\n\t\t\t\t\t<div class=\"e-con-inner\">\n\t\t<div class=\"elementor-element elementor-element-3b1d0ee e-con-full e-flex e-con e-child\" data-id=\"3b1d0ee\" data-element_type=\"container\" data-e-type=\"container\" data-settings=\"{&quot;background_background&quot;:&quot;classic&quot;}\">\n\t\t<a class=\"elementor-element elementor-element-a6c15ae e-con-full jedv-enabled--yes e-flex e-con e-child\" data-id=\"a6c15ae\" data-element_type=\"container\" data-e-type=\"container\" href=\"\/de\/producten\/\">\n\t\t\t\t<div class=\"elementor-element elementor-element-1ffc460 elementor-view-default elementor-widget elementor-widget-icon\" data-id=\"1ffc460\" data-element_type=\"widget\" data-e-type=\"widget\" data-widget_type=\"icon.default\">\n\t\t\t\t<div class=\"elementor-widget-container\">\n\t\t\t\t\t\t\t<div class=\"elementor-icon-wrapper\">\n\t\t\t<div class=\"elementor-icon\">\n\t\t\t<i aria-hidden=\"true\" class=\"lnr lnr-plus-circle\"><\/i>\t\t\t<\/div>\n\t\t<\/div>\n\t\t\t\t\t\t<\/div>\n\t\t\t\t<\/div>\n\t\t\t\t<div class=\"elementor-element elementor-element-2d75052 elementor-view-default elementor-widget elementor-widget-icon\" data-id=\"2d75052\" data-element_type=\"widget\" data-e-type=\"widget\" data-widget_type=\"icon.default\">\n\t\t\t\t<div class=\"elementor-widget-container\">\n\t\t\t\t\t\t\t<div class=\"elementor-icon-wrapper\">\n\t\t\t<div class=\"elementor-icon\">\n\t\t\t<svg xmlns=\"http:\/\/www.w3.org\/2000\/svg\" id=\"Laag_1\" viewbox=\"0 0 74.93 74.93\"><path d=\"M34.97,20.42c.55-.54,1.48-.9,2-1.45.67-.7.52-3.93.81-5.11.05-.2.05-.39.24-.1.42.66,1.1,2.84,1.42,3.72,4.64,12.84,6.49,25.17,3.44,38.63-.8,3.53-2.13,8.61-4.54,11.36-.97,1.1-2.27,1.92-3.16,3.15-.05.35,1.35-.75,1.5-.87,6.13-5.35,8.68-13.08,9.79-20.87,1.9-13.34-.73-27.18-6.74-39.19l-1.6,1.29.41-3.41c.13-.32.4.08.52.21,1.43,1.47,2.61,4.01,3.77,5.78,1.73,2.63,3.53,5.22,5.41,7.75.21.24.14.12.31,0,.33-.24,1.51-1.14,1.56-1.45-2.55-4.85-5.52-9.48-8.4-14.15-1.78-1.95-3.23-1.43-4.71.52-.67.89-1.38,6.51-1.56,7.95-.26,2.04-.5,4.2-.47,6.25Z\"><\/path><\/svg>\t\t\t<\/div>\n\t\t<\/div>\n\t\t\t\t\t\t<\/div>\n\t\t\t\t<\/div>\n\t\t\t\t<div class=\"elementor-element elementor-element-f379c98 elementor-widget elementor-widget-text-editor\" data-id=\"f379c98\" data-element_type=\"widget\" data-e-type=\"widget\" data-widget_type=\"text-editor.default\">\n\t\t\t\t<div class=\"elementor-widget-container\">\n\t\t\t\t\t\t\t\t\t<p>Noch keine Produkte hinzugef\u00fcgt? Sehen Sie sich einzigartige Lacke, Druckfarben, Folien und mehr an, die Ihren Druck auf die n\u00e4chste Stufe heben k\u00f6nnen.<\/p>\t\t\t\t\t\t\t\t<\/div>\n\t\t\t\t<\/div>\n\t\t\t\t<\/a>\n\t\t\t\t<\/div>\n\t\t\t\t\t<\/div>\n\t\t\t\t<\/div>\n\t\t\t\t<\/div>","protected":false},"excerpt":{"rendered":"<p>Jouw favoriete producten Je hebt een aantal lakken, inkten, folies, producten toegevoegd. Super! Hier kun je een offerte of meer informatie voor aanvragen. Bekijk hieronder welke items je hebt toegevoegd en pas je lijst aan waar nodig. Nog geen producten toegevoegd? Bekijk unieke lakten, inkten, folies en meer welke jouw drukwerk naar een hoger niveau [&hellip;]<\/p>\n","protected":false},"author":2,"featured_media":0,"parent":0,"menu_order":90,"comment_status":"closed","ping_status":"closed","template":"","meta":{"footnotes":""},"type-pagina":[21],"class_list":["post-1793","page","type-page","status-publish","hentry"],"_links":{"self":[{"href":"https:\/\/silk-screen.nl\/de\/wp-json\/wp\/v2\/pages\/1793","targetHints":{"allow":["GET"]}}],"collection":[{"href":"https:\/\/silk-screen.nl\/de\/wp-json\/wp\/v2\/pages"}],"about":[{"href":"https:\/\/silk-screen.nl\/de\/wp-json\/wp\/v2\/types\/page"}],"author":[{"embeddable":true,"href":"https:\/\/silk-screen.nl\/de\/wp-json\/wp\/v2\/users\/2"}],"replies":[{"embeddable":true,"href":"https:\/\/silk-screen.nl\/de\/wp-json\/wp\/v2\/comments?post=1793"}],"version-history":[{"count":3,"href":"https:\/\/silk-screen.nl\/de\/wp-json\/wp\/v2\/pages\/1793\/revisions"}],"predecessor-version":[{"id":2579,"href":"https:\/\/silk-screen.nl\/de\/wp-json\/wp\/v2\/pages\/1793\/revisions\/2579"}],"wp:attachment":[{"href":"https:\/\/silk-screen.nl\/de\/wp-json\/wp\/v2\/media?parent=1793"}],"wp:term":[{"taxonomy":"type-pagina","embeddable":true,"href":"https:\/\/silk-screen.nl\/de\/wp-json\/wp\/v2\/type-pagina?post=1793"}],"curies":[{"name":"Welt","href":"https:\/\/api.w.org\/{rel}","templated":true}]}}