 {"id":1761,"date":"2025-09-30T16:48:45","date_gmt":"2025-09-30T14:48:45","guid":{"rendered":"https:\/\/silk-screen.nl\/?page_id=1761"},"modified":"2026-01-30T15:49:50","modified_gmt":"2026-01-30T14:49:50","slug":"over-ons","status":"publish","type":"page","link":"https:\/\/silk-screen.nl\/de\/over-ons\/","title":{"rendered":"\u00dcber uns"},"content":{"rendered":"<div data-elementor-type=\"wp-page\" data-elementor-id=\"1761\" class=\"elementor elementor-1761\" data-elementor-post-type=\"page\">\n\t\t\t\t<div class=\"elementor-element elementor-element-0a8c34a section-l e-flex e-con-boxed e-con e-parent\" data-id=\"0a8c34a\" data-element_type=\"container\" data-e-type=\"container\">\n\t\t\t\t\t<div class=\"e-con-inner\">\n\t\t<div class=\"elementor-element elementor-element-3672ca6 e-con-full e-flex e-con e-child\" data-id=\"3672ca6\" data-element_type=\"container\" data-e-type=\"container\">\n\t\t\t\t<div class=\"elementor-element elementor-element-02b5a27 elementor-widget elementor-widget-heading\" data-id=\"02b5a27\" data-element_type=\"widget\" data-e-type=\"widget\" data-widget_type=\"heading.default\">\n\t\t\t\t<div class=\"elementor-widget-container\">\n\t\t\t\t\t<h2 class=\"elementor-heading-title elementor-size-default\">Siebdruck Holland<\/h2>\t\t\t\t<\/div>\n\t\t\t\t<\/div>\n\t\t\t\t<div class=\"elementor-element elementor-element-ff56cd9 elementor-widget elementor-widget-heading\" data-id=\"ff56cd9\" data-element_type=\"widget\" data-e-type=\"widget\" data-widget_type=\"heading.default\">\n\t\t\t\t<div class=\"elementor-widget-container\">\n\t\t\t\t\t<h2 class=\"elementor-heading-title elementor-size-default\">Marktf\u00fchrer im innovativen Druck<\/h2>\t\t\t\t<\/div>\n\t\t\t\t<\/div>\n\t\t\t\t<div class=\"elementor-element elementor-element-9cb8fcc elementor-widget elementor-widget-text-editor\" data-id=\"9cb8fcc\" data-element_type=\"widget\" data-e-type=\"widget\" data-widget_type=\"text-editor.default\">\n\t\t\t\t<div class=\"elementor-widget-container\">\n\t\t\t\t\t\t\t\t\t<p>Silkscreen Holland ist der Experte f\u00fcr Druckveredelung in den Niederlanden und Europa. Vor \u00fcber f\u00fcnfzig Jahren wurde Silkscreen Holland in Heerhugowaard gegr\u00fcndet.<\/p><p>Silkscreen Holland ist der Experte f\u00fcr Druckveredelung in den Niederlanden und Europa. Vor fast sechzig Jahren wurde Silkscreen Holland in Heerhugowaard gegr\u00fcndet. Im Laufe der Zeit haben wir uns mit unserem modernen Maschinenpark auf innovative Druckveredelung spezialisiert. Silkscreen Holland verf\u00fcgt \u00fcber die Technologie, um all Ihre Drucksachen mit au\u00dfergew\u00f6hnlichen Designs zu versehen, und zwar mit einer Reihe exklusiver Drucktechniken. Wir k\u00f6nnen den Offsetdruck mit gedruckter Elektronik, Siebfolie, speziellen Effektfarben, wie Thermofarbe und Relieffarbe, veredeln. Alles, um die Verpackungen, den Einzelhandelsdruck und das Werbematerial Ihres Unternehmens auf die n\u00e4chste Stufe zu heben.<\/p><p>Das Team von Silkscreen Holland besteht aus 12 leidenschaftlichen und sehr erfahrenen Druckspezialisten. Wir beherrschen die Kunst der innovativen Druckveredelung und stehen damit an der Spitze der Druckindustrie.<\/p>\t\t\t\t\t\t\t\t<\/div>\n\t\t\t\t<\/div>\n\t\t\t\t<\/div>\n\t\t<div class=\"elementor-element elementor-element-8e0b3a9 e-con-full e-flex e-con e-child\" data-id=\"8e0b3a9\" data-element_type=\"container\" data-e-type=\"container\">\n\t\t\t\t<div class=\"elementor-element elementor-element-dde9441 elementor-widget elementor-widget-image\" data-id=\"dde9441\" data-element_type=\"widget\" data-e-type=\"widget\" data-widget_type=\"image.default\">\n\t\t\t\t<div class=\"elementor-widget-container\">\n\t\t\t\t\t\t\t\t\t\t\t\t\t\t\t<img fetchpriority=\"high\" decoding=\"async\" width=\"800\" height=\"545\" src=\"https:\/\/silk-screen.nl\/wp-content\/uploads\/2025\/09\/silkscreen_banner-1024x698.webp\" class=\"attachment-large size-large wp-image-1222\" alt=\"\" srcset=\"https:\/\/silk-screen.nl\/wp-content\/uploads\/2025\/09\/silkscreen_banner-1024x698.webp 1024w, https:\/\/silk-screen.nl\/wp-content\/uploads\/2025\/09\/silkscreen_banner-300x205.webp 300w, https:\/\/silk-screen.nl\/wp-content\/uploads\/2025\/09\/silkscreen_banner-768x524.webp 768w, https:\/\/silk-screen.nl\/wp-content\/uploads\/2025\/09\/silkscreen_banner.webp 1173w\" sizes=\"(max-width: 800px) 100vw, 800px\" \/>\t\t\t\t\t\t\t\t\t\t\t\t\t\t\t<\/div>\n\t\t\t\t<\/div>\n\t\t\t\t<div class=\"elementor-element elementor-element-f267df4 elementor-widget elementor-widget-image\" data-id=\"f267df4\" data-element_type=\"widget\" data-e-type=\"widget\" data-widget_type=\"image.default\">\n\t\t\t\t<div class=\"elementor-widget-container\">\n\t\t\t\t\t\t\t\t\t\t\t\t\t\t\t<img decoding=\"async\" width=\"121\" height=\"117\" src=\"https:\/\/silk-screen.nl\/wp-content\/uploads\/2025\/09\/LijnGroen2.svg\" class=\"attachment-large size-large wp-image-1251\" alt=\"\" \/>\t\t\t\t\t\t\t\t\t\t\t\t\t\t\t<\/div>\n\t\t\t\t<\/div>\n\t\t\t\t<\/div>\n\t\t\t\t\t<\/div>\n\t\t\t\t<\/div>\n\t\t\t\t<\/div>","protected":false},"excerpt":{"rendered":"<p>Silkscreen Holland Marktleider in innovatief drukwerk Silkscreen Holland is d\u00e9 print finish expert in Nederland en Europa. Ruim vijftig jaar geleden is Silkscreen Holland opgericht in Heerhugowaard. Silkscreen Holland is d\u00e9 print finish expert in Nederland en Europa. Bijna zestig jaar geleden is Silkscreen Holland opgericht in Heerhugowaard. Wij hebben ons in de loop der [&hellip;]<\/p>\n","protected":false},"author":2,"featured_media":0,"parent":0,"menu_order":50,"comment_status":"closed","ping_status":"closed","template":"","meta":{"footnotes":""},"type-pagina":[21],"class_list":["post-1761","page","type-page","status-publish","hentry"],"_links":{"self":[{"href":"https:\/\/silk-screen.nl\/de\/wp-json\/wp\/v2\/pages\/1761","targetHints":{"allow":["GET"]}}],"collection":[{"href":"https:\/\/silk-screen.nl\/de\/wp-json\/wp\/v2\/pages"}],"about":[{"href":"https:\/\/silk-screen.nl\/de\/wp-json\/wp\/v2\/types\/page"}],"author":[{"embeddable":true,"href":"https:\/\/silk-screen.nl\/de\/wp-json\/wp\/v2\/users\/2"}],"replies":[{"embeddable":true,"href":"https:\/\/silk-screen.nl\/de\/wp-json\/wp\/v2\/comments?post=1761"}],"version-history":[{"count":9,"href":"https:\/\/silk-screen.nl\/de\/wp-json\/wp\/v2\/pages\/1761\/revisions"}],"predecessor-version":[{"id":2612,"href":"https:\/\/silk-screen.nl\/de\/wp-json\/wp\/v2\/pages\/1761\/revisions\/2612"}],"wp:attachment":[{"href":"https:\/\/silk-screen.nl\/de\/wp-json\/wp\/v2\/media?parent=1761"}],"wp:term":[{"taxonomy":"type-pagina","embeddable":true,"href":"https:\/\/silk-screen.nl\/de\/wp-json\/wp\/v2\/type-pagina?post=1761"}],"curies":[{"name":"Welt","href":"https:\/\/api.w.org\/{rel}","templated":true}]}}